{"id":730,"date":"2025-10-06T06:31:16","date_gmt":"2025-10-06T06:31:16","guid":{"rendered":"https:\/\/galemiamihotelandresidences.com\/?page_id=730"},"modified":"2025-10-11T17:02:47","modified_gmt":"2025-10-11T17:02:47","slug":"comodidades","status":"publish","type":"page","link":"https:\/\/gaiaresidences-hollywood.com\/es\/comodidades\/","title":{"rendered":"Comodidades"},"content":{"rendered":"<p>[et_pb_section fb_built=&#8221;1&#8243; custom_padding_last_edited=&#8221;on|phone&#8221; _builder_version=&#8221;4.27.4&#8243; _module_preset=&#8221;default&#8221; background_color=&#8221;rgba(0,0,0,0.61)&#8221; background_image=&#8221;https:\/\/gaiaresidences-hollywood.com\/es\/wp-content\/uploads\/gaiaresidences-hollywood_exterior.jpg&#8221; background_blend=&#8221;overlay&#8221; custom_padding=&#8221;90px||90px|||&#8221; custom_padding_tablet=&#8221;90px||90px|||&#8221; custom_padding_phone=&#8221;50px||50px||true|false&#8221; global_colors_info=&#8221;{}&#8221;][et_pb_row _builder_version=&#8221;4.17.4&#8243; _module_preset=&#8221;default&#8221; global_colors_info=&#8221;{}&#8221;][et_pb_column type=&#8221;4_4&#8243; _builder_version=&#8221;4.17.4&#8243; _module_preset=&#8221;default&#8221; global_colors_info=&#8221;{}&#8221;][et_pb_text _builder_version=&#8221;4.27.4&#8243; _module_preset=&#8221;default&#8221; text_font=&#8221;|600|||||||&#8221; text_text_color=&#8221;#FFFFFF&#8221; text_font_size=&#8221;25px&#8221; header_font=&#8221;|700||on|||||&#8221; header_text_align=&#8221;center&#8221; header_text_color=&#8221;#FFFFFF&#8221; header_font_size=&#8221;50px&#8221; header_line_height=&#8221;1.5em&#8221; header_2_font_size=&#8221;45px&#8221; text_orientation=&#8221;center&#8221; hover_enabled=&#8221;0&#8243; header_font_size_tablet=&#8221;50px&#8221; header_font_size_phone=&#8221;30px&#8221; header_font_size_last_edited=&#8221;on|phone&#8221; header_text_shadow_style=&#8221;preset3&#8243; header_text_shadow_blur_strength=&#8221;0.69em&#8221; header_text_shadow_color=&#8221;#000000&#8243; global_colors_info=&#8221;{}&#8221; sticky_enabled=&#8221;0&#8243;]<\/p>\n<h1>Gaia Residences Hollywood<\/h1>\n<h1>Comodidades<\/h1>\n<p>[\/et_pb_text][\/et_pb_column][\/et_pb_row][\/et_pb_section][et_pb_section fb_built=&#8221;1&#8243; custom_padding_last_edited=&#8221;on|phone&#8221; module_id=&#8221;building-features&#8221; _builder_version=&#8221;4.27.4&#8243; _module_preset=&#8221;default&#8221; background_color=&#8221;RGBA(255,255,255,0)&#8221; custom_padding=&#8221;90px||2px|||&#8221; custom_padding_tablet=&#8221;90px||2px|||&#8221; custom_padding_phone=&#8221;||||false|false&#8221; global_colors_info=&#8221;{}&#8221;][et_pb_row column_structure=&#8221;3_5,2_5&#8243; _builder_version=&#8221;4.27.4&#8243; _module_preset=&#8221;default&#8221; width=&#8221;90%&#8221; max_width=&#8221;90%&#8221; custom_margin=&#8221;-69px|auto||auto||&#8221; custom_margin_tablet=&#8221;&#8221; custom_margin_phone=&#8221;||||false|false&#8221; custom_margin_last_edited=&#8221;on|phone&#8221; custom_padding=&#8221;0px||||false|false&#8221; global_colors_info=&#8221;{}&#8221;][et_pb_column type=&#8221;3_5&#8243; _builder_version=&#8221;4.20.2&#8243; _module_preset=&#8221;default&#8221; global_colors_info=&#8221;{}&#8221;][et_pb_text _builder_version=&#8221;4.27.4&#8243; _module_preset=&#8221;default&#8221; text_font=&#8221;Adamina||||||||&#8221; text_text_color=&#8221;#000000&#8243; text_line_height=&#8221;1.8em&#8221; header_2_font=&#8221;|700|||||||&#8221; header_2_font_size=&#8221;30px&#8221; header_2_line_height=&#8221;1.8em&#8221; custom_margin=&#8221;-1px||1px||false|false&#8221; custom_margin_tablet=&#8221;-1px||1px||false|false&#8221; custom_margin_phone=&#8221;-1px||1px||false|false&#8221; custom_margin_last_edited=&#8221;on|phone&#8221; hover_enabled=&#8221;0&#8243; global_colors_info=&#8221;{}&#8221; sticky_enabled=&#8221;0&#8243;]<\/p>\n<h2>Comodidades<\/h2>\n<ul>\n<li>Obra maestra arquitect\u00f3nica de 18 pisos<\/li>\n<li>Impresionantes vistas de Hollywood<\/li>\n<li>Club de Golf Beach y el Oc\u00e9ano Atl\u00e1ntico<\/li>\n<li>Interiores y comodidades seleccionados por IDDI con muebles de RH<\/li>\n<li>Exclusivos refugios en la azotea<\/li>\n<li>Casi 800 m\u00b2 de servicios de estilo de vida interior y exterior<\/li>\n<li>Conserjer\u00eda\/recepci\u00f3n las 24 horas<\/li>\n<li>Servicio de valet parking y estaciones de carga para veh\u00edculos el\u00e9ctricos<\/li>\n<li>Guardabicicletas<\/li>\n<li>Sala de paquetes<\/li>\n<li>Plantas y elementos naturales cuidadosamente integrados<\/li>\n<\/ul>\n<p>[\/et_pb_text][\/et_pb_column][et_pb_column type=&#8221;2_5&#8243; _builder_version=&#8221;4.20.2&#8243; _module_preset=&#8221;default&#8221; global_colors_info=&#8221;{}&#8221;][et_pb_image src=&#8221;https:\/\/gaiaresidences-hollywood.com\/es\/wp-content\/uploads\/gaiaresidences-hollywood_building.jpg&#8221; title_text=&#8221;gaiaresidences-hollywood_building&#8221; _builder_version=&#8221;4.27.4&#8243; _module_preset=&#8221;default&#8221; global_colors_info=&#8221;{}&#8221;][\/et_pb_image][\/et_pb_column][\/et_pb_row][et_pb_row column_structure=&#8221;1_2,1_2&#8243; _builder_version=&#8221;4.27.4&#8243; _module_preset=&#8221;default&#8221; width=&#8221;90%&#8221; max_width=&#8221;90%&#8221; global_colors_info=&#8221;{}&#8221;][et_pb_column type=&#8221;1_2&#8243; _builder_version=&#8221;4.27.4&#8243; _module_preset=&#8221;default&#8221; global_colors_info=&#8221;{}&#8221;][et_pb_text _builder_version=&#8221;4.27.4&#8243; _module_preset=&#8221;default&#8221; text_text_color=&#8221;#000000&#8243; header_3_text_color=&#8221;#000000&#8243; hover_enabled=&#8221;0&#8243; global_colors_info=&#8221;{}&#8221; sticky_enabled=&#8221;0&#8243;]<\/p>\n<h3>PISCINA Y TERRAZA EXTERIOR<\/h3>\n<ul>\n<li>Piscina climatizada con sol\u00e1rium, caba\u00f1as y tumbonas<\/li>\n<li>Tranquilo jard\u00edn acu\u00e1tico con relajantes tumbonas<\/li>\n<li>Pabell\u00f3n con cocina de verano, zona privada<\/li>\n<li>Barbacoa y zona de estar<\/li>\n<li>Terrazas para comer al aire libre, bar con elegantes asientos en la barra<\/li>\n<li>Jard\u00edn zen con hamacas tropicales<\/li>\n<\/ul>\n<p>[\/et_pb_text][\/et_pb_column][et_pb_column type=&#8221;1_2&#8243; _builder_version=&#8221;4.27.4&#8243; _module_preset=&#8221;default&#8221; global_colors_info=&#8221;{}&#8221;][et_pb_text _builder_version=&#8221;4.27.4&#8243; _module_preset=&#8221;default&#8221; text_text_color=&#8221;#000000&#8243; header_3_text_color=&#8221;#000000&#8243; hover_enabled=&#8221;0&#8243; global_colors_info=&#8221;{}&#8221; sticky_enabled=&#8221;0&#8243;]<\/p>\n<h3>VEST\u00cdBULO Y \u00c1REAS DE CO-WORKING<\/h3>\n<ul>\n<li>Gran vest\u00edbulo luminoso con zonas verdes integradas<\/li>\n<li>Conserjer\u00eda\/recepci\u00f3n 24 horas<\/li>\n<li>Sala de coworking<\/li>\n<li>Salas de reuniones privadas y salas de Zoom<\/li>\n<li>Tienda de art\u00edculos varios, sala de paquetes, sala de bicicletas y trastero<\/li>\n<\/ul>\n<p>[\/et_pb_text][\/et_pb_column][\/et_pb_row][\/et_pb_section][et_pb_section fb_built=&#8221;1&#8243; module_id=&#8221;building-features&#8221; _builder_version=&#8221;4.24.2&#8243; _module_preset=&#8221;default&#8221; background_color=&#8221;RGBA(255,255,255,0)&#8221; min_height=&#8221;705.2px&#8221; custom_margin=&#8221;30px|||||&#8221; custom_padding=&#8221;||2px|||&#8221; global_colors_info=&#8221;{}&#8221;][et_pb_row column_structure=&#8221;1_2,1_2&#8243; _builder_version=&#8221;4.27.2&#8243; _module_preset=&#8221;default&#8221; width=&#8221;90%&#8221; max_width=&#8221;90%&#8221; custom_margin=&#8221;-47px|auto||auto||&#8221; custom_padding=&#8221;||0px|||&#8221; global_colors_info=&#8221;{}&#8221;][et_pb_column type=&#8221;1_2&#8243; _builder_version=&#8221;4.20.2&#8243; _module_preset=&#8221;default&#8221; global_colors_info=&#8221;{}&#8221;][et_pb_image src=&#8221;https:\/\/gaiaresidences-hollywood.com\/es\/wp-content\/uploads\/gaiaresidences-hollywood_living.jpg&#8221; title_text=&#8221;gaiaresidences-hollywood_living&#8221; _builder_version=&#8221;4.27.4&#8243; _module_preset=&#8221;default&#8221; global_colors_info=&#8221;{}&#8221;][\/et_pb_image][et_pb_image src=&#8221;https:\/\/gaiaresidences-hollywood.com\/es\/wp-content\/uploads\/gaiaresidences-hollywood_kitchen.jpg&#8221; title_text=&#8221;gaiaresidences-hollywood_kitchen&#8221; _builder_version=&#8221;4.27.4&#8243; _module_preset=&#8221;default&#8221; global_colors_info=&#8221;{}&#8221;][\/et_pb_image][\/et_pb_column][et_pb_column type=&#8221;1_2&#8243; _builder_version=&#8221;4.20.2&#8243; _module_preset=&#8221;default&#8221; global_colors_info=&#8221;{}&#8221;][et_pb_text _builder_version=&#8221;4.27.4&#8243; _module_preset=&#8221;default&#8221; text_font=&#8221;Adamina||||||||&#8221; text_text_color=&#8221;#000000&#8243; text_line_height=&#8221;1.8em&#8221; header_2_font=&#8221;|700|||||||&#8221; header_2_font_size=&#8221;30px&#8221; header_2_line_height=&#8221;1.8em&#8221; custom_margin=&#8221;-10px|||||&#8221; custom_margin_tablet=&#8221;-80px|||||&#8221; custom_margin_phone=&#8221;1px||||false|false&#8221; custom_margin_last_edited=&#8221;on|phone&#8221; hover_enabled=&#8221;0&#8243; global_colors_info=&#8221;{}&#8221; sticky_enabled=&#8221;0&#8243;]<\/p>\n<h2>Caracter\u00edsticas de la residencia<\/h2>\n<ul>\n<li>Cocinas italianas modernas de impecable elaboraci\u00f3n<\/li>\n<li>Lujosos pisos de porcelanato importado de gran formato<\/li>\n<li>Encimeras de ba\u00f1o y salpicadero de cuarzo sin juntas<\/li>\n<li>Perfectamente integradas<\/li>\n<li>Electrodom\u00e9sticos Bosch<\/li>\n<li>Gabinetes europeos a medida con cierre autom\u00e1tico<\/li>\n<li>Ventanas de piso a techo que dejan entrar la luz natural y ofrecen vistas panor\u00e1micas del mar, la ciudad o la vegetaci\u00f3n<\/li>\n<li>Espacios de estar amplios con alturas de techo de 2,7 a 4 metros<\/li>\n<li>Terrazas privadas que integran su espacio habitable con el paisaje<\/li>\n<li>Paquetes de muebles a medida disponibles<\/li>\n<li>Espejo retroiluminado en ba\u00f1os<\/li>\n<li>Armarios empotrados en el dormitorio principal<\/li>\n<li>Termostatos inteligentes para una climatizaci\u00f3n avanzada Control<\/li>\n<li>Lavadoras\/secadoras de carga frontal sin esfuerzo<\/li>\n<\/ul>\n<p>[\/et_pb_text][\/et_pb_column][\/et_pb_row][et_pb_row column_structure=&#8221;1_2,1_2&#8243; _builder_version=&#8221;4.27.3&#8243; _module_preset=&#8221;default&#8221; width=&#8221;90%&#8221; max_width=&#8221;90%&#8221; global_colors_info=&#8221;{}&#8221;][et_pb_column type=&#8221;1_2&#8243; _builder_version=&#8221;4.27.3&#8243; _module_preset=&#8221;default&#8221; global_colors_info=&#8221;{}&#8221;][et_pb_text _builder_version=&#8221;4.27.4&#8243; _module_preset=&#8221;default&#8221; text_text_color=&#8221;#000000&#8243; header_font=&#8221;|700|||||||&#8221; header_text_color=&#8221;#000000&#8243; header_3_font=&#8221;|700|||||||&#8221; header_3_text_color=&#8221;#000000&#8243; hover_enabled=&#8221;0&#8243; global_colors_info=&#8221;{}&#8221; sticky_enabled=&#8221;0&#8243;]<\/p>\n<h3>LA EXPERIENCIA SOCIAL<\/h3>\n<ul>\n<li>Club de Residentes con \u00e1reas de entretenimiento interiores y exteriores<\/li>\n<li>Sal\u00f3n de billar con barra completa y asientos para banquetes<\/li>\n<li>Comedor interior privado con despensa\/\u00e1rea de preparaci\u00f3n y terraza exterior<\/li>\n<li>Sala de deportes con barra totalmente equipada, pantallas y \u00e1reas sociales exclusivas<\/li>\n<li>Sala de proyecci\u00f3n de medios con asientos sofisticados<\/li>\n<\/ul>\n<p>[\/et_pb_text][\/et_pb_column][et_pb_column type=&#8221;1_2&#8243; _builder_version=&#8221;4.27.3&#8243; _module_preset=&#8221;default&#8221; global_colors_info=&#8221;{}&#8221;][et_pb_text _builder_version=&#8221;4.27.4&#8243; _module_preset=&#8221;default&#8221; text_text_color=&#8221;#000000&#8243; header_font=&#8221;|700|||||||&#8221; header_text_color=&#8221;#000000&#8243; header_3_font=&#8221;|700|||||||&#8221; header_3_text_color=&#8221;#000000&#8243; hover_enabled=&#8221;0&#8243; global_colors_info=&#8221;{}&#8221; sticky_enabled=&#8221;0&#8243;]<\/p>\n<h3>THE CONSTELL ATION SKY LOUNGE<\/h3>\n<ul>\n<li>Bar con elegantes asientos en la barra<\/li>\n<li>Pura piscina climatizada con jacuzzi<\/li>\n<li>Infinitos paisajes verdes que se funden con el horizonte del oc\u00e9ano<\/li>\n<li>Cena al aire libre<\/li>\n<li>Tumbonas y asientos<\/li>\n<\/ul>\n<p>[\/et_pb_text][\/et_pb_column][\/et_pb_row][et_pb_row column_structure=&#8221;1_2,1_2&#8243; _builder_version=&#8221;4.27.3&#8243; _module_preset=&#8221;default&#8221; width=&#8221;90%&#8221; max_width=&#8221;90%&#8221; global_colors_info=&#8221;{}&#8221;][et_pb_column type=&#8221;1_2&#8243; _builder_version=&#8221;4.27.3&#8243; _module_preset=&#8221;default&#8221; global_colors_info=&#8221;{}&#8221;][et_pb_text _builder_version=&#8221;4.27.4&#8243; _module_preset=&#8221;default&#8221; text_text_color=&#8221;#000000&#8243; header_font=&#8221;|700|||||||&#8221; header_text_color=&#8221;#000000&#8243; header_3_font=&#8221;|700|||||||&#8221; header_3_text_color=&#8221;#000000&#8243; hover_enabled=&#8221;0&#8243; global_colors_info=&#8221;{}&#8221; sticky_enabled=&#8221;0&#8243;]<\/p>\n<h3>EL CLUB DE SALUD<\/h3>\n<ul>\n<li>Zona de fitness interior de \u00faltima generaci\u00f3n<\/li>\n<li>Equipos de fuerza y \u200b\u200bcardio de \u00faltima generaci\u00f3n<\/li>\n<li>Zona de fitness tropical al aire libre<\/li>\n<li>Estudio de yoga, barra y pilates<\/li>\n<\/ul>\n<p>[\/et_pb_text][\/et_pb_column][et_pb_column type=&#8221;1_2&#8243; _builder_version=&#8221;4.27.3&#8243; _module_preset=&#8221;default&#8221; global_colors_info=&#8221;{}&#8221;][et_pb_text _builder_version=&#8221;4.27.4&#8243; _module_preset=&#8221;default&#8221; text_text_color=&#8221;#000000&#8243; header_font=&#8221;|700|||||||&#8221; header_text_color=&#8221;#000000&#8243; header_3_font=&#8221;|700|||||||&#8221; header_3_text_color=&#8221;#000000&#8243; hover_enabled=&#8221;0&#8243; global_colors_info=&#8221;{}&#8221; sticky_enabled=&#8221;0&#8243;]<\/p>\n<h3>THE AUR, UN SPA DE BIENESTAR<\/h3>\n<ul>\n<li>Ba\u00f1o de vapor, sauna seca y piscinas de inmersi\u00f3n<\/li>\n<li>Sala de tratamientos privada<\/li>\n<li>Ducha interior\/exterior y fuente<\/li>\n<li>Duchas dobles con taquillas y vestuarios<\/li>\n<li>Texturas naturales, luz tenue y vegetaci\u00f3n serena<\/li>\n<\/ul>\n<p>[\/et_pb_text][\/et_pb_column][\/et_pb_row][\/et_pb_section]<\/p>\n","protected":false},"excerpt":{"rendered":"<p>Gaia Residences Hollywood ComodidadesComodidades Obra maestra arquitect\u00f3nica de 18 pisos Impresionantes vistas de Hollywood Club de Golf Beach y el Oc\u00e9ano Atl\u00e1ntico Interiores y comodidades seleccionados por IDDI con muebles de RH Exclusivos refugios en la azotea Casi 800 m\u00b2 de servicios de estilo de vida interior y exterior Conserjer\u00eda\/recepci\u00f3n las 24 horas Servicio de [&hellip;]<\/p>\n","protected":false},"author":1,"featured_media":2431,"parent":0,"menu_order":0,"comment_status":"closed","ping_status":"closed","template":"","meta":{"_et_pb_use_builder":"on","_et_pb_old_content":"","_et_gb_content_width":"","footnotes":""},"class_list":["post-730","page","type-page","status-publish","has-post-thumbnail","hentry"],"_links":{"self":[{"href":"https:\/\/gaiaresidences-hollywood.com\/es\/wp-json\/wp\/v2\/pages\/730","targetHints":{"allow":["GET"]}}],"collection":[{"href":"https:\/\/gaiaresidences-hollywood.com\/es\/wp-json\/wp\/v2\/pages"}],"about":[{"href":"https:\/\/gaiaresidences-hollywood.com\/es\/wp-json\/wp\/v2\/types\/page"}],"author":[{"embeddable":true,"href":"https:\/\/gaiaresidences-hollywood.com\/es\/wp-json\/wp\/v2\/users\/1"}],"replies":[{"embeddable":true,"href":"https:\/\/gaiaresidences-hollywood.com\/es\/wp-json\/wp\/v2\/comments?post=730"}],"version-history":[{"count":63,"href":"https:\/\/gaiaresidences-hollywood.com\/es\/wp-json\/wp\/v2\/pages\/730\/revisions"}],"predecessor-version":[{"id":2533,"href":"https:\/\/gaiaresidences-hollywood.com\/es\/wp-json\/wp\/v2\/pages\/730\/revisions\/2533"}],"wp:featuredmedia":[{"embeddable":true,"href":"https:\/\/gaiaresidences-hollywood.com\/es\/wp-json\/wp\/v2\/media\/2431"}],"wp:attachment":[{"href":"https:\/\/gaiaresidences-hollywood.com\/es\/wp-json\/wp\/v2\/media?parent=730"}],"curies":[{"name":"wp","href":"https:\/\/api.w.org\/{rel}","templated":true}]}}