{"id":385,"date":"2025-10-06T07:50:02","date_gmt":"2025-10-06T07:50:02","guid":{"rendered":"https:\/\/clarabayharborisland.com\/?page_id=385"},"modified":"2025-10-11T17:05:49","modified_gmt":"2025-10-11T17:05:49","slug":"equipo","status":"publish","type":"page","link":"https:\/\/gaiaresidences-hollywood.com\/es\/equipo\/","title":{"rendered":"Equipo"},"content":{"rendered":"<p>[et_pb_section fb_built=&#8221;1&#8243; custom_padding_last_edited=&#8221;on|phone&#8221; _builder_version=&#8221;4.27.4&#8243; _module_preset=&#8221;default&#8221; background_color=&#8221;rgba(0,0,0,0.7)&#8221; background_image=&#8221;https:\/\/gaiaresidences-hollywood.com\/es\/wp-content\/uploads\/gaiaresidences-hollywood_exterior.jpg&#8221; background_blend=&#8221;overlay&#8221; custom_padding=&#8221;90px||90px|||&#8221; custom_padding_tablet=&#8221;90px||90px|||&#8221; custom_padding_phone=&#8221;50px||50px||true|false&#8221; global_colors_info=&#8221;{}&#8221;][et_pb_row _builder_version=&#8221;4.17.4&#8243; _module_preset=&#8221;default&#8221; global_colors_info=&#8221;{}&#8221;][et_pb_column type=&#8221;4_4&#8243; _builder_version=&#8221;4.17.4&#8243; _module_preset=&#8221;default&#8221; global_colors_info=&#8221;{}&#8221;][et_pb_text _builder_version=&#8221;4.27.4&#8243; _module_preset=&#8221;default&#8221; text_font=&#8221;|600|||||||&#8221; text_text_color=&#8221;#FFFFFF&#8221; text_font_size=&#8221;25px&#8221; header_font=&#8221;|700||on|||||&#8221; header_text_align=&#8221;center&#8221; header_text_color=&#8221;#FFFFFF&#8221; header_font_size=&#8221;50px&#8221; text_orientation=&#8221;center&#8221; hover_enabled=&#8221;0&#8243; header_font_size_tablet=&#8221;50px&#8221; header_font_size_phone=&#8221;40px&#8221; header_font_size_last_edited=&#8221;on|phone&#8221; header_text_shadow_style=&#8221;preset3&#8243; header_text_shadow_blur_strength=&#8221;0.69em&#8221; header_text_shadow_color=&#8221;#000000&#8243; global_colors_info=&#8221;{}&#8221; sticky_enabled=&#8221;0&#8243;]<\/p>\n<h1>Gaia Residences Hollywood<\/h1>\n<h1>Equipo<\/h1>\n<p>&nbsp;<\/p>\n<p>[\/et_pb_text][\/et_pb_column][\/et_pb_row][\/et_pb_section][et_pb_section fb_built=&#8221;1&#8243; _builder_version=&#8221;4.22.1&#8243; _module_preset=&#8221;default&#8221; background_color=&#8221;#f7f7f9&#8243; custom_padding=&#8221;||2px|||&#8221; global_colors_info=&#8221;{}&#8221;][et_pb_row _builder_version=&#8221;4.24.2&#8243; _module_preset=&#8221;default&#8221; global_colors_info=&#8221;{}&#8221;][et_pb_column type=&#8221;4_4&#8243; _builder_version=&#8221;4.20.2&#8243; _module_preset=&#8221;default&#8221; global_colors_info=&#8221;{}&#8221;][et_pb_text _builder_version=&#8221;4.27.4&#8243; _module_preset=&#8221;default&#8221; text_font=&#8221;Adamina||||||||&#8221; text_text_color=&#8221;#000000&#8243; text_line_height=&#8221;1.8em&#8221; custom_margin=&#8221;-41px|||||&#8221; hover_enabled=&#8221;0&#8243; global_colors_info=&#8221;{}&#8221; sticky_enabled=&#8221;0&#8243;]<\/p>\n<p><strong>Desarrollador: Alta Developers<\/strong><br \/><strong>Arquitectos: CFE Architects<\/strong><br \/><strong>Dise\u00f1o de interiores: ID &amp; Design International<\/strong><\/p>\n<p>[\/et_pb_text][\/et_pb_column][\/et_pb_row][\/et_pb_section][et_pb_section fb_built=&#8221;1&#8243; _builder_version=&#8221;4.22.1&#8243; _module_preset=&#8221;default&#8221; background_color=&#8221;#f7f7f9&#8243; custom_padding=&#8221;||2px|||&#8221; global_colors_info=&#8221;{}&#8221;][et_pb_row _builder_version=&#8221;4.24.2&#8243; _module_preset=&#8221;default&#8221; global_colors_info=&#8221;{}&#8221;][et_pb_column type=&#8221;4_4&#8243; _builder_version=&#8221;4.20.2&#8243; _module_preset=&#8221;default&#8221; global_colors_info=&#8221;{}&#8221;][et_pb_text _builder_version=&#8221;4.27.4&#8243; _module_preset=&#8221;default&#8221; text_font=&#8221;Adamina||||||||&#8221; text_text_color=&#8221;#000000&#8243; text_line_height=&#8221;1.8em&#8221; header_3_font=&#8221;|700|||||||&#8221; custom_margin=&#8221;-41px|||||&#8221; hover_enabled=&#8221;0&#8243; global_colors_info=&#8221;{}&#8221; sticky_enabled=&#8221;0&#8243;]<\/p>\n<p><strong>Alta Developers<\/strong><\/p>\n<p>Alta Developers, liderada por su director y CEO, Raimundo Onetto, ha tra\u00eddo m\u00e1s de 4000 unidades al mercado del sur de Florida. La cartera de la firma desarrolladora con sede en Miami se especializa en desarrollos residenciales y comerciales con proyectos activos como Casa Bella by B&amp;B Italia, Alana Bay Harbor Islands, Cassia The Residences At Coral Gables, Alta New River, Crest at Pinecrest, Alta 9600 Fase II, 4001 Salzedo at Merrick Park, Alta Princeton, EON Squared Fase I y Fase II, Quadro Miami Design District, Vesta y Neovita Doral, y proyectos anteriores como Pacifica Boynton Beach, One Paraiso, Le Parc at Brickell, 900 Biscayne, Quantum on the Bay y Metropolis at Dadeland.<\/p>\n<p><strong>ID &amp; Design International<\/strong><\/p>\n<p>ID &amp; Design Design International se erige como un referente de excelencia en dise\u00f1o y branding, con un galardonado equipo de talentosos profesionales especializados en proyectos comerciales, de uso mixto, comercio minorista, hoteler\u00eda, entretenimiento, multifamiliares, cruceros y m\u00e1s. Esta amplia y variada experiencia es la base de los dise\u00f1os visionarios del equipo y su enfoque estrat\u00e9gico y resolutivo para crear soluciones de dise\u00f1o innovadoras. IDDI se enorgullece de pensar con originalidad, llevar el dise\u00f1o convencional a nuevas alturas y colaborar en la b\u00fasqueda de la creatividad y las ideas audaces.<\/p>\n<p><strong>CFE Architects<\/strong><\/p>\n<p>Durante m\u00e1s de 40 a\u00f1os, CFE Architects ha brindado soluciones de dise\u00f1o originales, especializ\u00e1ndose en proyectos residenciales y comerciales de uso mixto de mediana y gran altura. Con sede en Miami Lakes, han moldeado el horizonte y los espacios peatonales del sur de Florida con una arquitectura distintiva. Su obra galardonada abarca desde 80,000 hasta 600,000 pies cuadrados, y ha recibido reconocimientos como el Premio Estructuras 2021 al Mejor Proyecto Residencial y el Premio al Mejor Dise\u00f1o Arquitect\u00f3nico 2023. Liderados por los directores Sandy Peaceman y Arturo Robinson, CFE Architects se dedica a brindar relaciones duraderas con sus clientes y un servicio eficiente y de alta calidad.<\/p>\n<p>[\/et_pb_text][\/et_pb_column][\/et_pb_row][\/et_pb_section]<\/p>\n","protected":false},"excerpt":{"rendered":"<p>Gaia Residences Hollywood Equipo &nbsp;Desarrollador: Alta DevelopersArquitectos: CFE ArchitectsDise\u00f1o de interiores: ID &amp; Design InternationalAlta Developers Alta Developers, liderada por su director y CEO, Raimundo Onetto, ha tra\u00eddo m\u00e1s de 4000 unidades al mercado del sur de Florida. La cartera de la firma desarrolladora con sede en Miami se especializa en desarrollos residenciales y comerciales [&hellip;]<\/p>\n","protected":false},"author":1,"featured_media":2426,"parent":0,"menu_order":0,"comment_status":"closed","ping_status":"closed","template":"","meta":{"_et_pb_use_builder":"on","_et_pb_old_content":"","_et_gb_content_width":"","footnotes":""},"class_list":["post-385","page","type-page","status-publish","has-post-thumbnail","hentry"],"_links":{"self":[{"href":"https:\/\/gaiaresidences-hollywood.com\/es\/wp-json\/wp\/v2\/pages\/385","targetHints":{"allow":["GET"]}}],"collection":[{"href":"https:\/\/gaiaresidences-hollywood.com\/es\/wp-json\/wp\/v2\/pages"}],"about":[{"href":"https:\/\/gaiaresidences-hollywood.com\/es\/wp-json\/wp\/v2\/types\/page"}],"author":[{"embeddable":true,"href":"https:\/\/gaiaresidences-hollywood.com\/es\/wp-json\/wp\/v2\/users\/1"}],"replies":[{"embeddable":true,"href":"https:\/\/gaiaresidences-hollywood.com\/es\/wp-json\/wp\/v2\/comments?post=385"}],"version-history":[{"count":62,"href":"https:\/\/gaiaresidences-hollywood.com\/es\/wp-json\/wp\/v2\/pages\/385\/revisions"}],"predecessor-version":[{"id":2536,"href":"https:\/\/gaiaresidences-hollywood.com\/es\/wp-json\/wp\/v2\/pages\/385\/revisions\/2536"}],"wp:featuredmedia":[{"embeddable":true,"href":"https:\/\/gaiaresidences-hollywood.com\/es\/wp-json\/wp\/v2\/media\/2426"}],"wp:attachment":[{"href":"https:\/\/gaiaresidences-hollywood.com\/es\/wp-json\/wp\/v2\/media?parent=385"}],"curies":[{"name":"wp","href":"https:\/\/api.w.org\/{rel}","templated":true}]}}