{"id":171,"date":"2025-10-06T16:46:53","date_gmt":"2025-10-06T16:46:53","guid":{"rendered":"https:\/\/clarabayharborisland.com\/?page_id=171"},"modified":"2025-10-11T17:09:44","modified_gmt":"2025-10-11T17:09:44","slug":"ubicacion","status":"publish","type":"page","link":"https:\/\/gaiaresidences-hollywood.com\/es\/ubicacion\/","title":{"rendered":"Ubicaci\u00f3n"},"content":{"rendered":"<p>[et_pb_section fb_built=&#8221;1&#8243; custom_padding_last_edited=&#8221;on|phone&#8221; _builder_version=&#8221;4.27.4&#8243; _module_preset=&#8221;default&#8221; background_color=&#8221;rgba(0,0,0,0.48)&#8221; background_image=&#8221;https:\/\/gaiaresidences-hollywood.com\/es\/wp-content\/uploads\/gaiaresidences-hollywood_exterior.jpg&#8221; background_blend=&#8221;overlay&#8221; custom_padding=&#8221;90px||90px|||&#8221; custom_padding_tablet=&#8221;90px||90px|||&#8221; custom_padding_phone=&#8221;50px||50px||true|false&#8221; global_colors_info=&#8221;{}&#8221;][et_pb_row _builder_version=&#8221;4.17.4&#8243; _module_preset=&#8221;default&#8221; global_colors_info=&#8221;{}&#8221;][et_pb_column type=&#8221;4_4&#8243; _builder_version=&#8221;4.17.4&#8243; _module_preset=&#8221;default&#8221; global_colors_info=&#8221;{}&#8221;][et_pb_text _builder_version=&#8221;4.27.4&#8243; _module_preset=&#8221;default&#8221; header_font=&#8221;|700||on|||||&#8221; header_text_align=&#8221;center&#8221; header_text_color=&#8221;#FFFFFF&#8221; header_font_size=&#8221;50px&#8221; header_2_font=&#8221;|700||on|||||&#8221; header_2_text_align=&#8221;center&#8221; header_2_text_color=&#8221;#FFFFFF&#8221; header_2_font_size=&#8221;40px&#8221; hover_enabled=&#8221;0&#8243; header_font_size_tablet=&#8221;50px&#8221; header_font_size_phone=&#8221;30px&#8221; header_font_size_last_edited=&#8221;on|phone&#8221; header_text_shadow_style=&#8221;preset3&#8243; header_text_shadow_blur_strength=&#8221;0.69em&#8221; header_text_shadow_color=&#8221;#000000&#8243; global_colors_info=&#8221;{}&#8221; sticky_enabled=&#8221;0&#8243;]<\/p>\n<h1>Gaia Residences Hollywood<\/h1>\n<h1>Ubicaci\u00f3n<\/h1>\n<p>[\/et_pb_text][\/et_pb_column][\/et_pb_row][\/et_pb_section][et_pb_section fb_built=&#8221;1&#8243; _builder_version=&#8221;4.22.1&#8243; _module_preset=&#8221;default&#8221; background_color=&#8221;RGBA(255,255,255,0)&#8221; global_colors_info=&#8221;{}&#8221;][et_pb_row use_custom_gutter=&#8221;on&#8221; gutter_width=&#8221;2&#8243; _builder_version=&#8221;4.27.4&#8243; _module_preset=&#8221;default&#8221; width=&#8221;90%&#8221; max_width=&#8221;90%&#8221; global_colors_info=&#8221;{}&#8221;][et_pb_column type=&#8221;4_4&#8243; _builder_version=&#8221;4.20.2&#8243; _module_preset=&#8221;default&#8221; global_colors_info=&#8221;{}&#8221;][et_pb_text _builder_version=&#8221;4.27.4&#8243; _module_preset=&#8221;default&#8221; text_text_color=&#8221;#000000&#8243; header_font=&#8221;|700||on|||||&#8221; header_text_align=&#8221;center&#8221; header_font_size=&#8221;35px&#8221; header_line_height=&#8221;1.5em&#8221; hover_enabled=&#8221;0&#8243; global_colors_info=&#8221;{}&#8221; sticky_enabled=&#8221;0&#8243;]<\/p>\n<h1>Ubicaci\u00f3n de Gaia Residences Hollywood<\/h1>\n<p>Gaia Residences goza de una ubicaci\u00f3n ideal en 401 North Federal Highway, Hollywood, Florida, en una ubicaci\u00f3n ideal entre Miami y Fort Lauderdale. Esta ubicaci\u00f3n privilegiada ofrece f\u00e1cil acceso a ambas ciudades, a la vez que ofrece un entorno sereno y pintoresco. El desarrollo se encuentra junto al Hollywood Beach Golf Club, con amplias vistas al campo de golf y al oc\u00e9ano Atl\u00e1ntico. Esto lo convierte en el lugar perfecto para quienes buscan la comodidad de la ciudad y la tranquilidad de un refugio costero.<\/p>\n<p>[\/et_pb_text][\/et_pb_column][\/et_pb_row][et_pb_row _builder_version=&#8221;4.27.4&#8243; _module_preset=&#8221;default&#8221; width=&#8221;90%&#8221; max_width=&#8221;90%&#8221; custom_margin=&#8221;-25px|auto||auto||&#8221; global_colors_info=&#8221;{}&#8221;][et_pb_column type=&#8221;4_4&#8243; _builder_version=&#8221;4.24.2&#8243; _module_preset=&#8221;default&#8221; global_colors_info=&#8221;{}&#8221;][et_pb_image src=&#8221;https:\/\/gaiaresidences-hollywood.com\/es\/wp-content\/uploads\/gaiaresidences-hollywood_location-1.jpg&#8221; title_text=&#8221;gaiaresidences-hollywood_location&#8221; align=&#8221;center&#8221; _builder_version=&#8221;4.27.4&#8243; _module_preset=&#8221;default&#8221; global_colors_info=&#8221;{}&#8221;][\/et_pb_image][\/et_pb_column][\/et_pb_row][\/et_pb_section][et_pb_section fb_built=&#8221;1&#8243; _builder_version=&#8221;4.22.1&#8243; _module_preset=&#8221;default&#8221; background_color=&#8221;#f7f7f9&#8243; global_colors_info=&#8221;{}&#8221;][et_pb_row _builder_version=&#8221;4.17.4&#8243; _module_preset=&#8221;default&#8221; width=&#8221;90%&#8221; max_width=&#8221;1400px&#8221; custom_margin=&#8221;-55px|auto||auto||&#8221; custom_padding=&#8221;0px|||||&#8221; global_colors_info=&#8221;{}&#8221;][et_pb_column type=&#8221;4_4&#8243; _builder_version=&#8221;4.17.4&#8243; _module_preset=&#8221;default&#8221; global_colors_info=&#8221;{}&#8221;][et_pb_text _builder_version=&#8221;4.27.4&#8243; _module_preset=&#8221;default&#8221; header_2_font=&#8221;|700||on|||||&#8221; header_2_text_align=&#8221;center&#8221; header_2_text_color=&#8221;#192c57&#8243; header_2_font_size=&#8221;42px&#8221; custom_margin=&#8221;12px|||||&#8221; hover_enabled=&#8221;0&#8243; header_2_font_size_tablet=&#8221;32px&#8221; header_2_font_size_phone=&#8221;&#8221; header_2_font_size_last_edited=&#8221;on|desktop&#8221; global_colors_info=&#8221;{}&#8221; sticky_enabled=&#8221;0&#8243;]<\/p>\n<h2 class=\"has-text-align-center has-black-color has-text-color has-large-font-size\">Mapa<\/h2>\n<p>[\/et_pb_text][et_pb_code _builder_version=&#8221;4.27.4&#8243; _module_preset=&#8221;default&#8221; global_colors_info=&#8221;{}&#8221;]<iframe src=\"https:\/\/www.google.com\/maps\/embed?pb=!1m18!1m12!1m3!1d3207.414029711674!2d-80.14292379999999!3d26.014544299999997!2m3!1f0!2f0!3f0!3m2!1i1024!2i768!4f13.1!3m3!1m2!1s0x88d9aba0820d3129%3A0x76b9999af8c45ac4!2s401%20N%20Federal%20Hwy%2C%20Hollywood%2C%20FL%2033020%2C%20USA!5e1!3m2!1sen!2sbd!4v1759682876250!5m2!1sen!2sbd\" width=\"100%\" height=\"450\" style=\"border:0;\" allowfullscreen=\"\" loading=\"lazy\" referrerpolicy=\"no-referrer-when-downgrade\"><\/iframe>[\/et_pb_code][\/et_pb_column][\/et_pb_row][\/et_pb_section]<\/p>\n","protected":false},"excerpt":{"rendered":"<p>Gaia Residences Hollywood Ubicaci\u00f3nUbicaci\u00f3n de Gaia Residences Hollywood Gaia Residences goza de una ubicaci\u00f3n ideal en 401 North Federal Highway, Hollywood, Florida, en una ubicaci\u00f3n ideal entre Miami y Fort Lauderdale. Esta ubicaci\u00f3n privilegiada ofrece f\u00e1cil acceso a ambas ciudades, a la vez que ofrece un entorno sereno y pintoresco. El desarrollo se encuentra junto [&hellip;]<\/p>\n","protected":false},"author":1,"featured_media":2434,"parent":0,"menu_order":0,"comment_status":"closed","ping_status":"closed","template":"","meta":{"_et_pb_use_builder":"on","_et_pb_old_content":"","_et_gb_content_width":"","footnotes":""},"class_list":["post-171","page","type-page","status-publish","has-post-thumbnail","hentry"],"_links":{"self":[{"href":"https:\/\/gaiaresidences-hollywood.com\/es\/wp-json\/wp\/v2\/pages\/171","targetHints":{"allow":["GET"]}}],"collection":[{"href":"https:\/\/gaiaresidences-hollywood.com\/es\/wp-json\/wp\/v2\/pages"}],"about":[{"href":"https:\/\/gaiaresidences-hollywood.com\/es\/wp-json\/wp\/v2\/types\/page"}],"author":[{"embeddable":true,"href":"https:\/\/gaiaresidences-hollywood.com\/es\/wp-json\/wp\/v2\/users\/1"}],"replies":[{"embeddable":true,"href":"https:\/\/gaiaresidences-hollywood.com\/es\/wp-json\/wp\/v2\/comments?post=171"}],"version-history":[{"count":51,"href":"https:\/\/gaiaresidences-hollywood.com\/es\/wp-json\/wp\/v2\/pages\/171\/revisions"}],"predecessor-version":[{"id":2543,"href":"https:\/\/gaiaresidences-hollywood.com\/es\/wp-json\/wp\/v2\/pages\/171\/revisions\/2543"}],"wp:featuredmedia":[{"embeddable":true,"href":"https:\/\/gaiaresidences-hollywood.com\/es\/wp-json\/wp\/v2\/media\/2434"}],"wp:attachment":[{"href":"https:\/\/gaiaresidences-hollywood.com\/es\/wp-json\/wp\/v2\/media?parent=171"}],"curies":[{"name":"wp","href":"https:\/\/api.w.org\/{rel}","templated":true}]}}